{"id":346,"date":"2023-03-15T19:56:33","date_gmt":"2023-03-15T19:56:33","guid":{"rendered":"https:\/\/smkyoga.de\/?page_id=346"},"modified":"2023-03-18T09:36:01","modified_gmt":"2023-03-18T09:36:01","slug":"prae-und-postnatales-yoga","status":"publish","type":"page","link":"https:\/\/smkyoga.de\/index.php\/yoga-kurse\/prae-und-postnatales-yoga\/","title":{"rendered":"Yoga f\u00fcr Schwangere"},"content":{"rendered":"\n<div class=\"wp-block-media-text alignwide has-media-on-the-right is-stacked-on-mobile is-vertically-aligned-top\"><div class=\"wp-block-media-text__content\">\n<p>Schwangerschaftsyoga ist eine spezielle Form des Yoga, die auf die Bed\u00fcrfnisse von schwangeren Frauen zugeschnitten ist. Es ist eine sanfte und sichere Praktik, die darauf abzielt, den K\u00f6rper w\u00e4hrend der Schwangerschaft zu unterst\u00fctzen und auf die Geburt vorzubereiten.<\/p>\n\n\n\n<p>Schwangerschaftsyoga beinhaltet spezielle Asanas und Atem\u00fcbungen, die dazu beitragen k\u00f6nnen, die Durchblutung zu verbessern, die Muskeln zu st\u00e4rken, den Beckenboden zu aktivieren und den K\u00f6rper zu entspannen. Die Praxis kann auch dazu beitragen, Stress und Angst abzubauen und die Verbindung zwischen Mutter und Baby zu f\u00f6rdern.<\/p>\n\n\n\n<p>Die Asanas im Schwangerschaftsyoga sind so gestaltet, dass sie den Bed\u00fcrfnissen des wachsenden K\u00f6rpers angepasst sind und darauf abzielen, Schwangerschaftsbeschwerden wie R\u00fcckenschmerzen, Wassereinlagerungen oder M\u00fcdigkeit zu lindern. Die Atem\u00fcbungen k\u00f6nnen auch hilfreich sein, um die Atmung zu vertiefen und die Entspannung zu f\u00f6rdern.<\/p>\n\n\n\n<p>Schwangerschaftsyoga kann auch eine M\u00f6glichkeit sein, sich auf die bevorstehende Geburt vorzubereiten, indem es Techniken vermittelt, um mit den Wehen umzugehen und den Geist zu beruhigen.<\/p>\n\n\n\n<p>Es ist wichtig, dass schwangere Frauen vor der Aufnahme von Schwangerschaftsyoga ihren Arzt konsultieren und sicherstellen, dass sie in der Lage sind, Yoga sicher zu praktizieren. <\/p>\n<\/div><figure class=\"wp-block-media-text__media\"><img loading=\"lazy\" decoding=\"async\" width=\"1024\" height=\"710\" src=\"http:\/\/smkyoga.de\/wp-content\/uploads\/2023\/03\/SchwanGERE-1024x710.jpg\" alt=\"\" class=\"wp-image-398 size-full\" srcset=\"https:\/\/smkyoga.de\/wp-content\/uploads\/2023\/03\/SchwanGERE-1024x710.jpg 1024w, https:\/\/smkyoga.de\/wp-content\/uploads\/2023\/03\/SchwanGERE-300x208.jpg 300w, https:\/\/smkyoga.de\/wp-content\/uploads\/2023\/03\/SchwanGERE-768x532.jpg 768w, https:\/\/smkyoga.de\/wp-content\/uploads\/2023\/03\/SchwanGERE-1536x1064.jpg 1536w, https:\/\/smkyoga.de\/wp-content\/uploads\/2023\/03\/SchwanGERE-2048x1419.jpg 2048w\" sizes=\"auto, (max-width: 1024px) 100vw, 1024px\" \/><\/figure><\/div>\n","protected":false},"excerpt":{"rendered":"<p>Schwangerschaftsyoga ist eine spezielle Form des Yoga, die auf die Bed\u00fcrfnisse von schwangeren Frauen zugeschnitten ist. Es ist eine sanfte ...<\/p>","protected":false},"author":1,"featured_media":0,"parent":25,"menu_order":0,"comment_status":"closed","ping_status":"closed","template":"","meta":{"footnotes":""},"class_list":["post-346","page","type-page","status-publish","hentry"],"_links":{"self":[{"href":"https:\/\/smkyoga.de\/index.php\/wp-json\/wp\/v2\/pages\/346","targetHints":{"allow":["GET"]}}],"collection":[{"href":"https:\/\/smkyoga.de\/index.php\/wp-json\/wp\/v2\/pages"}],"about":[{"href":"https:\/\/smkyoga.de\/index.php\/wp-json\/wp\/v2\/types\/page"}],"author":[{"embeddable":true,"href":"https:\/\/smkyoga.de\/index.php\/wp-json\/wp\/v2\/users\/1"}],"replies":[{"embeddable":true,"href":"https:\/\/smkyoga.de\/index.php\/wp-json\/wp\/v2\/comments?post=346"}],"version-history":[{"count":5,"href":"https:\/\/smkyoga.de\/index.php\/wp-json\/wp\/v2\/pages\/346\/revisions"}],"predecessor-version":[{"id":416,"href":"https:\/\/smkyoga.de\/index.php\/wp-json\/wp\/v2\/pages\/346\/revisions\/416"}],"up":[{"embeddable":true,"href":"https:\/\/smkyoga.de\/index.php\/wp-json\/wp\/v2\/pages\/25"}],"wp:attachment":[{"href":"https:\/\/smkyoga.de\/index.php\/wp-json\/wp\/v2\/media?parent=346"}],"curies":[{"name":"wp","href":"https:\/\/api.w.org\/{rel}","templated":true}]}}