{"id":340,"date":"2023-03-15T19:55:46","date_gmt":"2023-03-15T19:55:46","guid":{"rendered":"https:\/\/smkyoga.de\/?page_id=340"},"modified":"2023-03-28T07:40:11","modified_gmt":"2023-03-28T07:40:11","slug":"seniorenyoga-ab-april-23","status":"publish","type":"page","link":"https:\/\/smkyoga.de\/index.php\/yoga-kurse\/seniorenyoga-ab-april-23\/","title":{"rendered":"Yoga f\u00fcr Senior*innen"},"content":{"rendered":"\n<div class=\"wp-block-media-text alignwide has-media-on-the-right is-stacked-on-mobile is-vertically-aligned-top\"><div class=\"wp-block-media-text__content\">\n<p>Senior*innen Yoga ist eine Form des Yoga, die speziell auf die Bed\u00fcrfnisse \u00e4lterer Menschen zugeschnitten ist. Es ist eine sanfte Praxis, die darauf abzielt, den K\u00f6rper zu st\u00e4rken, die Flexibilit\u00e4t zu verbessern, das Gleichgewicht zu f\u00f6rdern und Stress abzubauen.<\/p>\n\n\n\n<p>Diese Praxis umfasst in der Regel langsame, sanfte Asanas, die auf die individuellen Bed\u00fcrfnisse und F\u00e4higkeiten \u00e4lterer Menschen abgestimmt sind. Die Asanas k\u00f6nnen auch mit Hilfsmitteln wie St\u00fchlen oder Decken unterst\u00fctzt werden, um die Stabilit\u00e4t und Sicherheit zu gew\u00e4hrleisten.<\/p>\n\n\n\n<p>Yoga f\u00fcr Senior*innen kann dazu beitragen, die Beweglichkeit der Gelenke zu verbessern, die Muskelkraft und -kontrolle zu erh\u00f6hen und die K\u00f6rperhaltung zu verbessern. Es kann auch dazu beitragen, die geistige Klarheit und das Wohlbefinden zu f\u00f6rdern und den Stress und die Anspannung abzubauen.<\/p>\n\n\n\n<p>Es ist eine gro\u00dfartige M\u00f6glichkeit, fit zu bleiben, soziale Kontakte zu kn\u00fcpfen und das Leben in vollen Z\u00fcgen zu genie\u00dfen.<\/p>\n<\/div><figure class=\"wp-block-media-text__media\"><img loading=\"lazy\" decoding=\"async\" width=\"1024\" height=\"754\" src=\"http:\/\/smkyoga.de\/wp-content\/uploads\/2023\/03\/Senioren-1024x754.jpg\" alt=\"\" class=\"wp-image-400 size-full\" srcset=\"https:\/\/smkyoga.de\/wp-content\/uploads\/2023\/03\/Senioren-1024x754.jpg 1024w, https:\/\/smkyoga.de\/wp-content\/uploads\/2023\/03\/Senioren-300x221.jpg 300w, https:\/\/smkyoga.de\/wp-content\/uploads\/2023\/03\/Senioren-768x566.jpg 768w, https:\/\/smkyoga.de\/wp-content\/uploads\/2023\/03\/Senioren-1536x1131.jpg 1536w, https:\/\/smkyoga.de\/wp-content\/uploads\/2023\/03\/Senioren-2048x1508.jpg 2048w\" sizes=\"auto, (max-width: 1024px) 100vw, 1024px\" \/><\/figure><\/div>\n","protected":false},"excerpt":{"rendered":"<p>Senior*innen Yoga ist eine Form des Yoga, die speziell auf die Bed\u00fcrfnisse \u00e4lterer Menschen zugeschnitten ist. Es ist eine sanfte ...<\/p>","protected":false},"author":1,"featured_media":0,"parent":25,"menu_order":0,"comment_status":"closed","ping_status":"closed","template":"","meta":{"footnotes":""},"class_list":["post-340","page","type-page","status-publish","hentry"],"_links":{"self":[{"href":"https:\/\/smkyoga.de\/index.php\/wp-json\/wp\/v2\/pages\/340","targetHints":{"allow":["GET"]}}],"collection":[{"href":"https:\/\/smkyoga.de\/index.php\/wp-json\/wp\/v2\/pages"}],"about":[{"href":"https:\/\/smkyoga.de\/index.php\/wp-json\/wp\/v2\/types\/page"}],"author":[{"embeddable":true,"href":"https:\/\/smkyoga.de\/index.php\/wp-json\/wp\/v2\/users\/1"}],"replies":[{"embeddable":true,"href":"https:\/\/smkyoga.de\/index.php\/wp-json\/wp\/v2\/comments?post=340"}],"version-history":[{"count":11,"href":"https:\/\/smkyoga.de\/index.php\/wp-json\/wp\/v2\/pages\/340\/revisions"}],"predecessor-version":[{"id":442,"href":"https:\/\/smkyoga.de\/index.php\/wp-json\/wp\/v2\/pages\/340\/revisions\/442"}],"up":[{"embeddable":true,"href":"https:\/\/smkyoga.de\/index.php\/wp-json\/wp\/v2\/pages\/25"}],"wp:attachment":[{"href":"https:\/\/smkyoga.de\/index.php\/wp-json\/wp\/v2\/media?parent=340"}],"curies":[{"name":"wp","href":"https:\/\/api.w.org\/{rel}","templated":true}]}}