{"id":334,"date":"2023-03-15T19:54:26","date_gmt":"2023-03-15T19:54:26","guid":{"rendered":"https:\/\/smkyoga.de\/?page_id=334"},"modified":"2023-03-18T09:43:04","modified_gmt":"2023-03-18T09:43:04","slug":"yoga-fuer-sportlerinnen","status":"publish","type":"page","link":"https:\/\/smkyoga.de\/index.php\/yoga-kurse\/yoga-fuer-sportlerinnen\/","title":{"rendered":"Yoga f\u00fcr Sportler*Innen"},"content":{"rendered":"\n<div class=\"wp-block-media-text alignwide has-media-on-the-right is-stacked-on-mobile is-vertically-aligned-top\"><div class=\"wp-block-media-text__content\">\n<p>Yoga f\u00fcr Sportler*innen ist eine spezielle Form des Yoga, die sich auf die Bed\u00fcrfnisse von Menschen konzentriert, die regelm\u00e4\u00dfig Sport treiben oder k\u00f6rperlich aktiv sind. Die Praxis kann dazu beitragen, den K\u00f6rper auf die Anforderungen des Sports vorzubereiten, Verletzungen vorzubeugen und die Regeneration nach dem Training zu unterst\u00fctzen. Sie besteht aus einer Kombination verschiedener Yoga-Stile und -Praktiken, die je nach Sportart und individuellen Bed\u00fcrfnissen angepasst werden kann und Asanas (Yoga-Posen), Atem\u00fcbungen, Meditation und Entspannungstechniken beinhaltet.<\/p>\n\n\n\n<p>Durch Yoga k\u00f6nnen Sportler*innen ihre Flexibilit\u00e4t und Beweglichkeit verbessern, ihre K\u00f6rperhaltung und Ausrichtung korrigieren und ihre Atmung und Konzentration sch\u00e4rfen. Es kann auch dazu beitragen, die Muskeln zu dehnen und zu entspannen, den Blutfluss zu verbessern und die Durchblutung der Gelenke zu erh\u00f6hen, um Verletzungen vorzubeugen.<\/p>\n\n\n\n<p>Yoga f\u00fcr Sportler*innen kann auch helfen, den Geist zu beruhigen, Stress abzubauen und die Regeneration nach dem Training zu verbessern. Es kann dazu beitragen, die Muskeln zu entspannen und die Erholung zu beschleunigen, indem es die Zirkulation f\u00f6rdert und die Ausscheidung von Toxinen unterst\u00fctzt.<\/p>\n\n\n\n<p>Diese Praxis kann von Menschen aus jeder Disziplin und jeden Niveaus praktiziert werden, von Freizeitsportler*innen bis hin zu professionellen Athlet*innen. Es kann in Einzelstunden oder in Gruppen unterrichtet werden und eine wertvolle Erg\u00e4nzung zu einem Trainingsprogramm sein.<\/p>\n<\/div><figure class=\"wp-block-media-text__media\"><img loading=\"lazy\" decoding=\"async\" width=\"1024\" height=\"605\" src=\"http:\/\/smkyoga.de\/wp-content\/uploads\/2023\/03\/Sport-1024x605.jpg\" alt=\"\" class=\"wp-image-402 size-full\" srcset=\"https:\/\/smkyoga.de\/wp-content\/uploads\/2023\/03\/Sport-1024x605.jpg 1024w, https:\/\/smkyoga.de\/wp-content\/uploads\/2023\/03\/Sport-300x177.jpg 300w, https:\/\/smkyoga.de\/wp-content\/uploads\/2023\/03\/Sport-768x453.jpg 768w, https:\/\/smkyoga.de\/wp-content\/uploads\/2023\/03\/Sport-1536x907.jpg 1536w, https:\/\/smkyoga.de\/wp-content\/uploads\/2023\/03\/Sport-2048x1209.jpg 2048w\" sizes=\"auto, (max-width: 1024px) 100vw, 1024px\" \/><\/figure><\/div>\n","protected":false},"excerpt":{"rendered":"<p>Yoga f\u00fcr Sportler*innen ist eine spezielle Form des Yoga, die sich auf die Bed\u00fcrfnisse von Menschen konzentriert, die regelm\u00e4\u00dfig Sport ...<\/p>","protected":false},"author":1,"featured_media":0,"parent":25,"menu_order":0,"comment_status":"closed","ping_status":"closed","template":"","meta":{"footnotes":""},"class_list":["post-334","page","type-page","status-publish","hentry"],"_links":{"self":[{"href":"https:\/\/smkyoga.de\/index.php\/wp-json\/wp\/v2\/pages\/334","targetHints":{"allow":["GET"]}}],"collection":[{"href":"https:\/\/smkyoga.de\/index.php\/wp-json\/wp\/v2\/pages"}],"about":[{"href":"https:\/\/smkyoga.de\/index.php\/wp-json\/wp\/v2\/types\/page"}],"author":[{"embeddable":true,"href":"https:\/\/smkyoga.de\/index.php\/wp-json\/wp\/v2\/users\/1"}],"replies":[{"embeddable":true,"href":"https:\/\/smkyoga.de\/index.php\/wp-json\/wp\/v2\/comments?post=334"}],"version-history":[{"count":4,"href":"https:\/\/smkyoga.de\/index.php\/wp-json\/wp\/v2\/pages\/334\/revisions"}],"predecessor-version":[{"id":420,"href":"https:\/\/smkyoga.de\/index.php\/wp-json\/wp\/v2\/pages\/334\/revisions\/420"}],"up":[{"embeddable":true,"href":"https:\/\/smkyoga.de\/index.php\/wp-json\/wp\/v2\/pages\/25"}],"wp:attachment":[{"href":"https:\/\/smkyoga.de\/index.php\/wp-json\/wp\/v2\/media?parent=334"}],"curies":[{"name":"wp","href":"https:\/\/api.w.org\/{rel}","templated":true}]}}