{"id":331,"date":"2023-03-15T19:53:15","date_gmt":"2023-03-15T19:53:15","guid":{"rendered":"https:\/\/smkyoga.de\/?page_id=331"},"modified":"2023-03-18T09:31:04","modified_gmt":"2023-03-18T09:31:04","slug":"hatha-yoga","status":"publish","type":"page","link":"https:\/\/smkyoga.de\/index.php\/yoga-kurse\/hatha-yoga\/","title":{"rendered":"Hathayoga"},"content":{"rendered":"\n<div class=\"wp-block-media-text alignwide has-media-on-the-right is-stacked-on-mobile is-vertically-aligned-top\"><div class=\"wp-block-media-text__content\">\n<p>Hatha Yoga ist eine Form des Yoga, die sich auf die physische Praxis von Yoga konzentriert. Es beinhaltet K\u00f6rperhaltungen (Asanas), Atem\u00fcbungen (Pranayama), Entspannungs- und Konzentrations\u00fcbungen sowie Meditation. <\/p>\n\n\n\n<p>Hatha Yoga ist eine der \u00e4ltesten Yoga-Traditionen und ist in der Regel der Ausgangspunkt f\u00fcr viele andere Yoga-Stile. Es wird oft als &#8222;k\u00f6rperliches Yoga&#8220; bezeichnet und ist besonders bekannt f\u00fcr seine sanfte und langsame Praxis, die darauf abzielt, K\u00f6rper und Geist zu entspannen und gleichzeitig die k\u00f6rperliche Fitness zu verbessern. <\/p>\n\n\n\n<p>Die Asanas im Hatha Yoga sind meistens statisch und werden f\u00fcr l\u00e4ngere Zeit gehalten, um die Muskeln zu dehnen und zu kr\u00e4ftigen, die K\u00f6rperhaltung zu verbessern und die Flexibilit\u00e4t zu erh\u00f6hen. Die Pranayama-\u00dcbungen helfen, den Atem zu kontrollieren, um den Geist zu beruhigen und das Energiesystem des K\u00f6rpers zu stimulieren. <\/p>\n\n\n\n<p>Hatha Yoga ist f\u00fcr Menschen aller Fitnesslevels zug\u00e4nglich und kann eine gro\u00dfartige M\u00f6glichkeit sein, Stress abzubauen, die Flexibilit\u00e4t und das Gleichgewicht zu verbessern und den K\u00f6rper und Geist zu st\u00e4rken. Es ist auch ein guter Einstiegspunkt f\u00fcr diejenigen, die neu im Yoga sind oder nach einer sanften, aber effektiven k\u00f6rperlichen Praxis suchen.<\/p>\n<\/div><figure class=\"wp-block-media-text__media\"><img loading=\"lazy\" decoding=\"async\" width=\"1024\" height=\"806\" src=\"http:\/\/smkyoga.de\/wp-content\/uploads\/2023\/03\/hatha-2-1024x806.jpg\" alt=\"\" class=\"wp-image-377 size-full\" srcset=\"https:\/\/smkyoga.de\/wp-content\/uploads\/2023\/03\/hatha-2-1024x806.jpg 1024w, https:\/\/smkyoga.de\/wp-content\/uploads\/2023\/03\/hatha-2-300x236.jpg 300w, https:\/\/smkyoga.de\/wp-content\/uploads\/2023\/03\/hatha-2-768x604.jpg 768w, https:\/\/smkyoga.de\/wp-content\/uploads\/2023\/03\/hatha-2-1536x1208.jpg 1536w, https:\/\/smkyoga.de\/wp-content\/uploads\/2023\/03\/hatha-2-2048x1611.jpg 2048w\" sizes=\"auto, (max-width: 1024px) 100vw, 1024px\" \/><\/figure><\/div>\n","protected":false},"excerpt":{"rendered":"<p>Hatha Yoga ist eine Form des Yoga, die sich auf die physische Praxis von Yoga konzentriert. Es beinhaltet K\u00f6rperhaltungen (Asanas), ...<\/p>","protected":false},"author":1,"featured_media":0,"parent":25,"menu_order":0,"comment_status":"closed","ping_status":"closed","template":"","meta":{"footnotes":""},"class_list":["post-331","page","type-page","status-publish","hentry"],"_links":{"self":[{"href":"https:\/\/smkyoga.de\/index.php\/wp-json\/wp\/v2\/pages\/331","targetHints":{"allow":["GET"]}}],"collection":[{"href":"https:\/\/smkyoga.de\/index.php\/wp-json\/wp\/v2\/pages"}],"about":[{"href":"https:\/\/smkyoga.de\/index.php\/wp-json\/wp\/v2\/types\/page"}],"author":[{"embeddable":true,"href":"https:\/\/smkyoga.de\/index.php\/wp-json\/wp\/v2\/users\/1"}],"replies":[{"embeddable":true,"href":"https:\/\/smkyoga.de\/index.php\/wp-json\/wp\/v2\/comments?post=331"}],"version-history":[{"count":8,"href":"https:\/\/smkyoga.de\/index.php\/wp-json\/wp\/v2\/pages\/331\/revisions"}],"predecessor-version":[{"id":412,"href":"https:\/\/smkyoga.de\/index.php\/wp-json\/wp\/v2\/pages\/331\/revisions\/412"}],"up":[{"embeddable":true,"href":"https:\/\/smkyoga.de\/index.php\/wp-json\/wp\/v2\/pages\/25"}],"wp:attachment":[{"href":"https:\/\/smkyoga.de\/index.php\/wp-json\/wp\/v2\/media?parent=331"}],"curies":[{"name":"wp","href":"https:\/\/api.w.org\/{rel}","templated":true}]}}