{"id":27,"date":"2023-01-16T23:26:25","date_gmt":"2023-01-16T23:26:25","guid":{"rendered":"https:\/\/smk.julian-schraven.de\/?page_id=27"},"modified":"2025-07-02T18:35:15","modified_gmt":"2025-07-02T18:35:15","slug":"ueber-mich","status":"publish","type":"page","link":"https:\/\/smkyoga.de\/index.php\/ueber-mich\/","title":{"rendered":"Mein Weg"},"content":{"rendered":"\n<div class=\"wp-block-media-text alignwide is-stacked-on-mobile is-image-fill-element\"><figure class=\"wp-block-media-text__media\"><img loading=\"lazy\" decoding=\"async\" width=\"775\" height=\"1024\" src=\"http:\/\/smkyoga.de\/wp-content\/uploads\/2023\/03\/Michele_Kaemmerer_004_g_b_g_soft-scaled-e1678574285496-775x1024.jpg\" alt=\"\" class=\"wp-image-216 size-full\" style=\"object-position:46% 10%\" srcset=\"https:\/\/smkyoga.de\/wp-content\/uploads\/2023\/03\/Michele_Kaemmerer_004_g_b_g_soft-scaled-e1678574285496-775x1024.jpg 775w, https:\/\/smkyoga.de\/wp-content\/uploads\/2023\/03\/Michele_Kaemmerer_004_g_b_g_soft-scaled-e1678574285496-227x300.jpg 227w, https:\/\/smkyoga.de\/wp-content\/uploads\/2023\/03\/Michele_Kaemmerer_004_g_b_g_soft-scaled-e1678574285496-768x1015.jpg 768w, https:\/\/smkyoga.de\/wp-content\/uploads\/2023\/03\/Michele_Kaemmerer_004_g_b_g_soft-scaled-e1678574285496-1163x1536.jpg 1163w, https:\/\/smkyoga.de\/wp-content\/uploads\/2023\/03\/Michele_Kaemmerer_004_g_b_g_soft-scaled-e1678574285496.jpg 1292w\" sizes=\"auto, (max-width: 775px) 100vw, 775px\" \/><\/figure><div class=\"wp-block-media-text__content\">\n<p class=\"has-text-align-left\">Seit 2012 besuche ich als Teilnehmerin Yoga-Kurse. Vor ein paar Jahren habe ich begonnen, mich intensiver mit &nbsp;Inhalten aus dem Bereich der Achtsamkeits- und K\u00f6rperarbeit zu interessieren. Daher absolvierte ich verschiedene Ausbildungen (u.a. Energie- und Essenztrainerin, Meditations- u. Yogalehrerin mit einer insgesamt 500 st\u00fcndigen Ausbildung), die jeweilige Schwerpunkte und gemeinsame Schnittstellen haben, wenn es um einen bewussten Umgang mit sich selbst geht- auf k\u00f6rperlicher, emotionaler und geistiger Ebene. Dieser Weg erg\u00e4nzt und entfaltet meine universit\u00e4re Ausbildung in der Rehabilitations- und Sozialp\u00e4dagogik (M.A.). Meine aktuelle Hauptt\u00e4tigkeit besteht &nbsp;in der Aus\u00fcbung beider Berufe- Sozialp\u00e4dagogin, Dozentin f\u00fcr Psychohygiene sowie Kursleiterin f\u00fcr Vinyasa, Yin und Pr\u00e4natales Yoga.<\/p>\n\n\n\n<p class=\"has-text-align-left\">Mir bereitet es enorme Freude, sanfte, kr\u00e4ftigende Stunden zu erstellen und zu geben, bei denen die Teilnehmer*innen im Moment, auf ihrer Matte, in ihrem K\u00f6rper ankommen- und sich erfahren k\u00f6nnen. <\/p>\n<\/div><\/div>\n\n\n\n<hr class=\"wp-block-separator has-alpha-channel-opacity\"\/>\n\n\n\n<div class=\"wp-block-columns is-layout-flex wp-container-core-columns-is-layout-9d6595d7 wp-block-columns-is-layout-flex\">\n<div class=\"wp-block-column is-layout-flow wp-block-column-is-layout-flow\">\n<h2 class=\"wp-block-heading has-text-align-left has-medium-font-size\">Ausbildung<\/h2>\n\n\n\n<p class=\"has-text-align-left\">Rehabiliationsp\u00e4dagogik B.A.<br><em>2011-2014 (Dortmund)<\/em><\/p>\n\n\n\n<p class=\"has-text-align-left\">Sozialp\u00e4dagogik&nbsp;M.A.<br><em>2014-2017 (Aachen)<\/em><\/p>\n\n\n\n<p class=\"has-text-align-left\">Energie- und Essenzausbildung <br><em>2018-2019 (Tajet Garden, K\u00f6ln)<\/em><\/p>\n\n\n\n<p class=\"has-text-align-left\">Hatha Yoga Ausbildung (200 Std)<br><em>2020 (Gyan Yog Breath, Rishikesh)<\/em><\/p>\n\n\n\n<p class=\"has-text-align-left\">MeditationslehrerInnenausbildung<br><em>2021 (Tajet Garden, K\u00f6ln)<\/em><\/p>\n\n\n\n<p class=\"has-text-align-left\">Yoga-Lehrer-\u00a720-Aufbaumodule (300 Std)<br><em>2022 -2023 (AHAB Akademie, Berlin)<\/em><\/p>\n\n\n\n<p class=\"has-text-align-left\">Fortbildung Kursleiterin Yoga f\u00fcr SportlerInnen<br><em>Oktober 2022<\/em><\/p>\n\n\n\n<p class=\"has-text-align-left\">Fortbildung Kursleiterin Faszienyoga<br><em>November 2022<\/em><\/p>\n\n\n\n<p class=\"has-text-align-left\">Fortbildung Kursleiterin Yin Yoga<br><em>Dezember 2022<\/em><\/p>\n\n\n\n<p class=\"has-text-align-left\">Fortbildung Kursleiterin Pr\u00e4natal- und Postnatales Yoga<br><em>Januar 2023<\/em><\/p>\n\n\n\n<div class=\"wp-block-group is-vertical is-layout-flex wp-container-core-group-is-layout-8cf370e7 wp-block-group-is-layout-flex\">\n<p>Fortbildung Kursleiterin Kinderyoga<\/p>\n\n\n\n<p><em>Februar 2023<\/em><\/p>\n<\/div>\n\n\n\n<p class=\"has-text-align-left\">Fortbildung Kursleiterin Yoga Nidra <br><em>M\u00e4rz 2023<\/em><\/p>\n\n\n\n<div class=\"wp-block-group is-vertical is-layout-flex wp-container-core-group-is-layout-8cf370e7 wp-block-group-is-layout-flex\">\n<p>Fortbildung Kursleiterin Seniorenyoga<\/p>\n\n\n\n<p><em>M\u00e4rz 2023<\/em><\/p>\n<\/div>\n\n\n\n<p>Fortbildung Kursleiterin Hormonyoga<\/p>\n\n\n\n<p><em>April 2023<\/em><\/p>\n\n\n\n<div class=\"wp-block-group is-vertical is-layout-flex wp-container-core-group-is-layout-8cf370e7 wp-block-group-is-layout-flex\">\n<p>Fortbildung Kursleiterin Ashtanga Vinyasa Yoga<\/p>\n\n\n\n<p><em>Mai 2023<\/em><\/p>\n<\/div>\n<\/div>\n\n\n\n<div class=\"wp-block-column is-layout-flow wp-block-column-is-layout-flow\">\n<h2 class=\"wp-block-heading has-text-align-left has-medium-font-size\">Kursleiter*in Praxis<\/h2>\n\n\n\n<p class=\"has-text-align-left\"><strong>Vinyasa Yogakurs bei Internationaler Bund<\/strong><br><em>seit November 2021 (K\u00f6ln)<\/em><\/p>\n\n\n\n<p class=\"has-text-align-left\"><strong>Vinyasa Yogakurs bei Sprachhaus<\/strong> e.V.<br><em>Oktober 2021-M\u00e4rz 2022 (K\u00f6ln)<\/em><\/p>\n\n\n\n<p class=\"has-text-align-left\"><strong>Hatha Yogakurs m. Erwachsenen &amp; Kindern<\/strong><br><em>Juli 2022 (Kimle, Ungarn)<\/em><\/p>\n\n\n\n<p class=\"has-text-align-left\"><strong>Hatha Yogakurs Level 1-3<\/strong><br><em>Oktober 2022 (Paris)<\/em><\/p>\n\n\n\n<p class=\"has-text-align-left\"><strong>Hatha Yogakurs m. elektronischer Musik<\/strong><br><em>Dezember 2022 (K\u00f6ln)<\/em><\/p>\n\n\n\n<p class=\"has-text-align-left\"><strong>Hatha Yogakurs<\/strong> i.V.<br><em>Februar-M\u00e4rz 2023 (K\u00f6ln)<\/em><\/p>\n\n\n\n<div class=\"wp-block-group is-vertical is-layout-flex wp-container-core-group-is-layout-8cf370e7 wp-block-group-is-layout-flex\">\n<p><strong>Pr\u00e4natal<\/strong> <strong>Yogakurs<\/strong> bei CO-Yoga<\/p>\n\n\n\n<p><em>Seit April 2023 (K\u00f6ln)<\/em><\/p>\n<\/div>\n\n\n\n<div class=\"wp-block-group is-vertical is-layout-flex wp-container-core-group-is-layout-8cf370e7 wp-block-group-is-layout-flex\">\n<p><strong>Yin<\/strong> <strong>Yogakurs<\/strong> bei CO-Yoga<\/p>\n\n\n\n<p><em>Seit April 2023 (K\u00f6ln)<\/em><\/p>\n\n\n\n<div class=\"wp-block-group is-vertical is-layout-flex wp-container-core-group-is-layout-8cf370e7 wp-block-group-is-layout-flex\">\n<p><\/p>\n\n\n\n<p><strong>Workshop &#8211; Sommerspecial mit Dansemble<\/strong><\/p>\n\n\n\n<p>Yoga f. Eltern im Naturfreundehaus Kalk<\/p>\n\n\n\n<p><em>Mai 2023 (K\u00f6ln)<\/em><\/p>\n<\/div>\n<\/div>\n\n\n\n<div class=\"wp-block-group is-vertical is-layout-flex wp-container-core-group-is-layout-8cf370e7 wp-block-group-is-layout-flex\">\n<p><strong>Ashtanga Yogakurs <\/strong>i.V. bei CO-Yoga <\/p>\n\n\n\n<p><em>Juni &#8211; Juli 2023 (K\u00f6ln)<\/em><\/p>\n<\/div>\n\n\n\n<div class=\"wp-block-group is-vertical is-layout-flex wp-container-core-group-is-layout-8cf370e7 wp-block-group-is-layout-flex\">\n<p><strong>Yoga Soft i.V. bei Yogamama<\/strong><\/p>\n\n\n\n<p>Juni 2023 (K\u00f6ln)<\/p>\n<\/div>\n\n\n\n<p><strong>Hatha Yoga<\/strong> <br>September 2023 (Ceyreste)<\/p>\n\n\n\n<p><strong>Hatha Yoga (Yin Elemente)<\/strong><br>seit Januar 2025 (K\u00f6ln)<\/p>\n<\/div>\n<\/div>\n\n\n\n<p>Abschluss Yoga-Lehrer-\u00a720 Aufbaumodule 300Std.<\/p>\n\n\n\n<p><em>Juni 2023<\/em><\/p>\n\n\n\n<p><\/p>\n\n\n\n<p>Anerkennung Zentrale Pr\u00fcfstelle Pr\u00e4vention gesetzlicher Krankenkasse<\/p>\n\n\n\n<p>der Qualifikationen Stressmanagement &#8211; F\u00f6rderung von Entspannung und Erholung &#8211; Hatha Yoga <\/p>\n\n\n\n<p><em>Januar 2024<\/em><\/p>\n\n\n\n<p>Vipassana Meditationskurs <\/p>\n\n\n\n<p><em>M\u00e4rz-April 2024<\/em><\/p>\n\n\n\n<p><\/p>\n","protected":false},"excerpt":{"rendered":"<p>Seit 2012 besuche ich als Teilnehmerin Yoga-Kurse. Vor ein paar Jahren habe ich begonnen, mich intensiver mit &nbsp;Inhalten aus dem ...<\/p>","protected":false},"author":1,"featured_media":0,"parent":0,"menu_order":1,"comment_status":"closed","ping_status":"closed","template":"","meta":{"footnotes":""},"class_list":["post-27","page","type-page","status-publish","hentry"],"_links":{"self":[{"href":"https:\/\/smkyoga.de\/index.php\/wp-json\/wp\/v2\/pages\/27","targetHints":{"allow":["GET"]}}],"collection":[{"href":"https:\/\/smkyoga.de\/index.php\/wp-json\/wp\/v2\/pages"}],"about":[{"href":"https:\/\/smkyoga.de\/index.php\/wp-json\/wp\/v2\/types\/page"}],"author":[{"embeddable":true,"href":"https:\/\/smkyoga.de\/index.php\/wp-json\/wp\/v2\/users\/1"}],"replies":[{"embeddable":true,"href":"https:\/\/smkyoga.de\/index.php\/wp-json\/wp\/v2\/comments?post=27"}],"version-history":[{"count":37,"href":"https:\/\/smkyoga.de\/index.php\/wp-json\/wp\/v2\/pages\/27\/revisions"}],"predecessor-version":[{"id":485,"href":"https:\/\/smkyoga.de\/index.php\/wp-json\/wp\/v2\/pages\/27\/revisions\/485"}],"wp:attachment":[{"href":"https:\/\/smkyoga.de\/index.php\/wp-json\/wp\/v2\/media?parent=27"}],"curies":[{"name":"wp","href":"https:\/\/api.w.org\/{rel}","templated":true}]}}