{"id":25,"date":"2023-01-16T23:26:16","date_gmt":"2023-01-16T23:26:16","guid":{"rendered":"https:\/\/smk.julian-schraven.de\/?page_id=25"},"modified":"2024-03-22T06:51:10","modified_gmt":"2024-03-22T06:51:10","slug":"yoga-kurse","status":"publish","type":"page","link":"https:\/\/smkyoga.de\/index.php\/yoga-kurse\/","title":{"rendered":"Kurse"},"content":{"rendered":"\n<p><\/p>\n\n\n\n<p>Als Yogalehrerin biete ich meinen Sch\u00fcler*innen eine Vielzahl von Kursen an, die auf verschiedene Bed\u00fcrfnisse und Erfahrungsstufen abgestimmt sind. Meine Kurse sind darauf ausgerichtet, K\u00f6rper, Geist und Seele zu verbinden und das allgemeine Wohlbefinden zu steigern. In meinen Stunden werden verschiedene Prinizipien des Yoga eingebracht- grundlegende Atemtechniken, Asanas (K\u00f6rperhaltungen) und Meditationen. Je nach Kurs gibt es schwerpunktm\u00e4\u00dfig Vertiefung beispielsweise die Verbesserung der Flexibilit\u00e4t oder die Vertiefung der Meditationstechniken. Generell liegt mein Fokus darauf, den Kursteilnehmer*innen eine sowohl entspannende, ausgleichende als auch herausfordernde Praxis zu bieten. <\/p>\n\n\n\n<figure class=\"wp-block-image size-large\"><img loading=\"lazy\" decoding=\"async\" width=\"1024\" height=\"683\" src=\"http:\/\/smkyoga.de\/wp-content\/uploads\/2023\/03\/Rolle-1-1024x683.jpg\" alt=\"\" class=\"wp-image-325\" srcset=\"https:\/\/smkyoga.de\/wp-content\/uploads\/2023\/03\/Rolle-1-1024x683.jpg 1024w, https:\/\/smkyoga.de\/wp-content\/uploads\/2023\/03\/Rolle-1-300x200.jpg 300w, https:\/\/smkyoga.de\/wp-content\/uploads\/2023\/03\/Rolle-1-768x512.jpg 768w, https:\/\/smkyoga.de\/wp-content\/uploads\/2023\/03\/Rolle-1-1536x1024.jpg 1536w, https:\/\/smkyoga.de\/wp-content\/uploads\/2023\/03\/Rolle-1-2048x1365.jpg 2048w, https:\/\/smkyoga.de\/wp-content\/uploads\/2023\/03\/Rolle-1-525x350.jpg 525w, https:\/\/smkyoga.de\/wp-content\/uploads\/2023\/03\/Rolle-1-105x70.jpg 105w\" sizes=\"auto, (max-width: 1024px) 100vw, 1024px\" \/><\/figure>\n\n\n\n<p>Insgesamt biete ich ein breites Kursangebot an, um Menschen jeden Alters und Erfahrungsstands eine Praxis zu bieten, die auf ihre spezifischen Bed\u00fcrfnisse und Ziele zugeschnitten ist. Dabei ist mir wichtig, sicherzustellen, dass sie die bestm\u00f6gliche Erfahrung machen und sich verbessern k\u00f6nnen.<\/p>\n\n\n\n<p><\/p>\n","protected":false},"excerpt":{"rendered":"<p>Als Yogalehrerin biete ich meinen Sch\u00fcler*innen eine Vielzahl von Kursen an, die auf verschiedene Bed\u00fcrfnisse und Erfahrungsstufen abgestimmt sind. Meine ...<\/p>","protected":false},"author":1,"featured_media":0,"parent":0,"menu_order":3,"comment_status":"closed","ping_status":"closed","template":"","meta":{"footnotes":""},"class_list":["post-25","page","type-page","status-publish","hentry"],"_links":{"self":[{"href":"https:\/\/smkyoga.de\/index.php\/wp-json\/wp\/v2\/pages\/25","targetHints":{"allow":["GET"]}}],"collection":[{"href":"https:\/\/smkyoga.de\/index.php\/wp-json\/wp\/v2\/pages"}],"about":[{"href":"https:\/\/smkyoga.de\/index.php\/wp-json\/wp\/v2\/types\/page"}],"author":[{"embeddable":true,"href":"https:\/\/smkyoga.de\/index.php\/wp-json\/wp\/v2\/users\/1"}],"replies":[{"embeddable":true,"href":"https:\/\/smkyoga.de\/index.php\/wp-json\/wp\/v2\/comments?post=25"}],"version-history":[{"count":34,"href":"https:\/\/smkyoga.de\/index.php\/wp-json\/wp\/v2\/pages\/25\/revisions"}],"predecessor-version":[{"id":477,"href":"https:\/\/smkyoga.de\/index.php\/wp-json\/wp\/v2\/pages\/25\/revisions\/477"}],"wp:attachment":[{"href":"https:\/\/smkyoga.de\/index.php\/wp-json\/wp\/v2\/media?parent=25"}],"curies":[{"name":"wp","href":"https:\/\/api.w.org\/{rel}","templated":true}]}}